{"id":5953,"date":"2025-11-24T07:08:45","date_gmt":"2025-11-24T06:08:45","guid":{"rendered":"https:\/\/www.eole-concept.fr\/?page_id=5953"},"modified":"2026-03-05T12:01:58","modified_gmt":"2026-03-05T11:01:58","slug":"webinaire-ozgest","status":"publish","type":"page","link":"https:\/\/www.eole-concept.fr\/index.php\/webinaire-ozgest\/","title":{"rendered":"Webinaire"},"content":{"rendered":"\t\t<div data-elementor-type=\"wp-page\" data-elementor-id=\"5953\" class=\"elementor elementor-5953\" data-elementor-post-type=\"page\">\n\t\t\t\t<div data-particle_enable=\"false\" data-particle-mobile-disabled=\"false\" class=\"elementor-element elementor-element-468e9792 e-flex e-con-boxed e-con e-parent\" data-id=\"468e9792\" data-element_type=\"container\" data-e-type=\"container\" data-settings=\"{&quot;_ha_eqh_enable&quot;:false}\">\n\t\t\t\t\t<div class=\"e-con-inner\">\n\t\t<div data-particle_enable=\"false\" data-particle-mobile-disabled=\"false\" class=\"elementor-element elementor-element-1489d2fd e-con-full e-flex e-con e-child\" data-id=\"1489d2fd\" data-element_type=\"container\" data-e-type=\"container\" data-settings=\"{&quot;_ha_eqh_enable&quot;:false}\">\n\t\t\t\t<div class=\"elementor-element elementor-element-5a15f217 elementor-widget elementor-widget-spacer\" data-id=\"5a15f217\" data-element_type=\"widget\" data-e-type=\"widget\" data-widget_type=\"spacer.default\">\n\t\t\t\t<div class=\"elementor-widget-container\">\n\t\t\t\t\t\t\t<div class=\"elementor-spacer\">\n\t\t\t<div class=\"elementor-spacer-inner\"><\/div>\n\t\t<\/div>\n\t\t\t\t\t\t<\/div>\n\t\t\t\t<\/div>\n\t\t\t\t<div class=\"elementor-element elementor-element-c7f72c3 elementor-widget elementor-widget-text-editor\" data-id=\"c7f72c3\" data-element_type=\"widget\" data-e-type=\"widget\" data-widget_type=\"text-editor.default\">\n\t\t\t\t<div class=\"elementor-widget-container\">\n\t\t\t\t\t\t\t\t\t<p>Webinaire gratuit<\/p><p>Boostez votre gestion commerciale avec \u00d5ZGest !<\/p>\t\t\t\t\t\t\t\t<\/div>\n\t\t\t\t<\/div>\n\t\t\t\t<div class=\"elementor-element elementor-element-6239b551 elementor-widget elementor-widget-text-editor\" data-id=\"6239b551\" data-element_type=\"widget\" data-e-type=\"widget\" data-widget_type=\"text-editor.default\">\n\t\t\t\t<div class=\"elementor-widget-container\">\n\t\t\t\t\t\t\t\t\t<p>D\u00e9couvrez comment simplifier vos devis, factures, relances et paiements\u00a0<\/p><p>et reprendre le contr\u00f4le sur votre gestion commerciale.<\/p>\t\t\t\t\t\t\t\t<\/div>\n\t\t\t\t<\/div>\n\t\t\t\t<div class=\"elementor-element elementor-element-1538e29d elementor-align-center elementor-widget elementor-widget-button\" data-id=\"1538e29d\" data-element_type=\"widget\" data-e-type=\"widget\" data-widget_type=\"button.default\">\n\t\t\t\t<div class=\"elementor-widget-container\">\n\t\t\t\t\t\t\t\t\t<div class=\"elementor-button-wrapper\">\n\t\t\t\t\t<a class=\"elementor-button elementor-button-link elementor-size-sm\" href=\"https:\/\/us06web.zoom.us\/meeting\/register\/ncca922OTe-XE8OFngJl7w\">\n\t\t\t\t\t\t<span class=\"elementor-button-content-wrapper\">\n\t\t\t\t\t\t\t\t\t<span class=\"elementor-button-text\">Je participe !<\/span>\n\t\t\t\t\t<\/span>\n\t\t\t\t\t<\/a>\n\t\t\t\t<\/div>\n\t\t\t\t\t\t\t\t<\/div>\n\t\t\t\t<\/div>\n\t\t\t\t<div class=\"elementor-element elementor-element-12ea5c78 elementor-widget elementor-widget-elementskit-countdown-timer\" data-id=\"12ea5c78\" data-element_type=\"widget\" data-e-type=\"widget\" data-widget_type=\"elementskit-countdown-timer.default\">\n\t\t\t\t<div class=\"elementor-widget-container\">\n\t\t\t\t\t<div class=\"ekit-wid-con\" ><div data-date-ekit-day=\"Jours\" data-date-ekit-hour=\"Heures\" data-date-ekit-minute=\"Minutes\" data-date-ekit-second=\"Secondes\" data-ekit-countdown=\"2026-03-30 11:00\" data-finish-title=\"Le moment est arriv\u00e9 !\" data-finish-content=\"\" class=\"elementskit-countdown-timer ekit-countdown text-center\"><\/div><\/div>\t\t\t\t<\/div>\n\t\t\t\t<\/div>\n\t\t\t\t<\/div>\n\t\t\t\t\t<\/div>\n\t\t\t\t<\/div>\n\t\t<div data-particle_enable=\"false\" data-particle-mobile-disabled=\"false\" class=\"elementor-element elementor-element-268d3560 e-flex e-con-boxed e-con e-parent\" data-id=\"268d3560\" data-element_type=\"container\" data-e-type=\"container\" data-settings=\"{&quot;_ha_eqh_enable&quot;:false}\">\n\t\t\t\t\t<div class=\"e-con-inner\">\n\t\t<div data-particle_enable=\"false\" data-particle-mobile-disabled=\"false\" class=\"elementor-element elementor-element-1fd81ac1 e-con-full e-flex e-con e-child\" data-id=\"1fd81ac1\" data-element_type=\"container\" data-e-type=\"container\" data-settings=\"{&quot;_ha_eqh_enable&quot;:false}\">\n\t\t\t\t<div class=\"elementor-element elementor-element-1769d6d3 elementor-widget elementor-widget-text-editor\" data-id=\"1769d6d3\" data-element_type=\"widget\" data-e-type=\"widget\" data-widget_type=\"text-editor.default\">\n\t\t\t\t<div class=\"elementor-widget-container\">\n\t\t\t\t\t\t\t\t\t<p><br \/><strong>\ud83d\udcc5\u00a0 30 mars &#8211; 11 h (RUN) \/ 9 h (FR) \u00a0 \u00a0\u2022\u00a0 \u00a0 \u00a0\ud83d\udcbb\u00a0 En ligne\u00a0 \u00a0 \u00a0\u2022\u00a0 \u00a0 \ud83d\udd35 \u00a0Participation 100% gratuite \u00a0 \u00a0\u2022\u00a0 \u00a0 \u23f1\ufe0f\u00a0 45 mins<\/strong><\/p>\t\t\t\t\t\t\t\t<\/div>\n\t\t\t\t<\/div>\n\t\t\t\t<\/div>\n\t\t\t\t\t<\/div>\n\t\t\t\t<\/div>\n\t\t<div data-particle_enable=\"false\" data-particle-mobile-disabled=\"false\" class=\"elementor-element elementor-element-2a9b78ed e-flex e-con-boxed e-con e-parent\" data-id=\"2a9b78ed\" data-element_type=\"container\" data-e-type=\"container\" data-settings=\"{&quot;_ha_eqh_enable&quot;:false}\">\n\t\t\t\t\t<div class=\"e-con-inner\">\n\t\t<div data-particle_enable=\"false\" data-particle-mobile-disabled=\"false\" class=\"elementor-element elementor-element-4091060b e-con-full e-flex e-con e-child\" data-id=\"4091060b\" data-element_type=\"container\" data-e-type=\"container\" data-settings=\"{&quot;_ha_eqh_enable&quot;:false}\">\n\t\t\t\t<div class=\"elementor-element elementor-element-cd9b5ae elementor-widget elementor-widget-spacer\" data-id=\"cd9b5ae\" data-element_type=\"widget\" data-e-type=\"widget\" data-widget_type=\"spacer.default\">\n\t\t\t\t<div class=\"elementor-widget-container\">\n\t\t\t\t\t\t\t<div class=\"elementor-spacer\">\n\t\t\t<div class=\"elementor-spacer-inner\"><\/div>\n\t\t<\/div>\n\t\t\t\t\t\t<\/div>\n\t\t\t\t<\/div>\n\t\t\t\t<div class=\"elementor-element elementor-element-50338cd elementor-widget elementor-widget-image\" data-id=\"50338cd\" data-element_type=\"widget\" data-e-type=\"widget\" data-widget_type=\"image.default\">\n\t\t\t\t<div class=\"elementor-widget-container\">\n\t\t\t\t\t\t\t\t\t\t\t\t\t\t\t<img decoding=\"async\" src=\"https:\/\/www.eole-concept.fr\/wp-content\/uploads\/elementor\/thumbs\/Logo_NF_525-pob6yqsz5f6x9faj7kn4q1ikz9gvcr485cxabjpe2c.png\" title=\"Logo_NF_525\" alt=\"Logo NF525\" loading=\"lazy\" \/>\t\t\t\t\t\t\t\t\t\t\t\t\t\t\t<\/div>\n\t\t\t\t<\/div>\n\t\t\t\t<div class=\"elementor-element elementor-element-7b1b39e8 elementor-widget elementor-widget-text-editor\" data-id=\"7b1b39e8\" data-element_type=\"widget\" data-e-type=\"widget\" data-widget_type=\"text-editor.default\">\n\t\t\t\t<div class=\"elementor-widget-container\">\n\t\t\t\t\t\t\t\t\t<p data-start=\"2562\" data-end=\"2704\">Imaginez une gestion <strong data-start=\"2583\" data-end=\"2593\">simple<\/strong>, <strong data-start=\"2595\" data-end=\"2605\">fluide<\/strong> et <strong data-start=\"2609\" data-end=\"2624\">sans stress<\/strong>, sans fichiers \u00e9parpill\u00e9s, sans perte de temps, sans relances qui s\u2019accumulent.<\/p><p data-start=\"2562\" data-end=\"2704\">\u00a0<\/p><p data-start=\"2706\" data-end=\"2837\"><strong data-start=\"2706\" data-end=\"2805\">\u00d5ZGest <\/strong>a \u00e9t\u00e9 con\u00e7u pour une r\u00e9alit\u00e9 :<strong data-start=\"2706\" data-end=\"2805\"> les TPE\/PME <\/strong>passent <strong data-start=\"2706\" data-end=\"2805\">trop de temps <\/strong>\u00e0<strong data-start=\"2706\" data-end=\"2805\"> g\u00e9rer l\u2019administratif<\/strong>, au d\u00e9triment de leur activit\u00e9.<\/p><p data-start=\"2706\" data-end=\"2837\">\u00a0<\/p><p data-start=\"2839\" data-end=\"2994\">Avec \u00d5ZGest, tout est <strong data-start=\"2861\" data-end=\"2875\">centralis\u00e9<\/strong> : devis, factures, relances, paiements, suivi clients\u2026 Chaque action devient plus rapide, plus claire, plus sereine.<\/p><p data-start=\"2839\" data-end=\"2994\">\u00a0<\/p><p data-start=\"2996\" data-end=\"3199\">Dans ce webinaire, vous d\u00e9couvrirez comment <strong data-start=\"3040\" data-end=\"3075\">simplifier votre quotidien<\/strong> gr\u00e2ce \u00e0\u00a0un logiciel\u00a0<strong data-start=\"3096\" data-end=\"3106\">fiable<\/strong>, <strong data-start=\"3108\" data-end=\"3141\">conforme (loi anti-fraude)<\/strong>, et pens\u00e9 pour les besoins des entreprises.<\/p>\t\t\t\t\t\t\t\t<\/div>\n\t\t\t\t<\/div>\n\t\t\t\t<div class=\"elementor-element elementor-element-24db91da elementor-widget elementor-widget-spacer\" data-id=\"24db91da\" data-element_type=\"widget\" data-e-type=\"widget\" data-widget_type=\"spacer.default\">\n\t\t\t\t<div class=\"elementor-widget-container\">\n\t\t\t\t\t\t\t<div class=\"elementor-spacer\">\n\t\t\t<div class=\"elementor-spacer-inner\"><\/div>\n\t\t<\/div>\n\t\t\t\t\t\t<\/div>\n\t\t\t\t<\/div>\n\t\t\t\t<\/div>\n\t\t\t\t\t<\/div>\n\t\t\t\t<\/div>\n\t\t<div data-particle_enable=\"false\" data-particle-mobile-disabled=\"false\" class=\"elementor-element elementor-element-2b6762d1 e-grid e-con-boxed e-con e-parent\" data-id=\"2b6762d1\" data-element_type=\"container\" data-e-type=\"container\" data-settings=\"{&quot;_ha_eqh_enable&quot;:false}\">\n\t\t\t\t\t<div class=\"e-con-inner\">\n\t\t<div data-particle_enable=\"false\" data-particle-mobile-disabled=\"false\" class=\"elementor-element elementor-element-461fe10a e-con-full e-flex e-con e-child\" data-id=\"461fe10a\" data-element_type=\"container\" data-e-type=\"container\" data-settings=\"{&quot;_ha_eqh_enable&quot;:false}\">\n\t\t\t\t<div class=\"elementor-element elementor-element-40651f56 elementor-widget elementor-widget-text-editor\" data-id=\"40651f56\" data-element_type=\"widget\" data-e-type=\"widget\" data-widget_type=\"text-editor.default\">\n\t\t\t\t<div class=\"elementor-widget-container\">\n\t\t\t\t\t\t\t\t\t<p>\ud83d\udc49 <strong data-start=\"3651\" data-end=\"3667\">Au programme<\/strong><\/p>\t\t\t\t\t\t\t\t<\/div>\n\t\t\t\t<\/div>\n\t\t\t\t<div class=\"elementor-element elementor-element-43ad7cbd elementor-widget elementor-widget-text-editor\" data-id=\"43ad7cbd\" data-element_type=\"widget\" data-e-type=\"widget\" data-widget_type=\"text-editor.default\">\n\t\t\t\t<div class=\"elementor-widget-container\">\n\t\t\t\t\t\t\t\t\t<ul><li data-start=\"3668\" data-end=\"3754\"><p data-start=\"3670\" data-end=\"3754\"><strong data-start=\"3670\" data-end=\"3697\">D\u00e9monstration en direct<\/strong> : d\u00e9couvrez les fonctionnalit\u00e9s essentielles d\u2019\u00d5ZGest.<\/p><\/li><li data-start=\"3755\" data-end=\"3814\"><p data-start=\"3757\" data-end=\"3814\"><strong data-start=\"3757\" data-end=\"3774\">Cas pratiques<\/strong> : exemples concrets issus de TPE\/PME.<\/p><\/li><li data-start=\"3815\" data-end=\"3900\"><p data-start=\"3817\" data-end=\"3900\"><strong data-start=\"3817\" data-end=\"3840\">Session interactive<\/strong> : posez vos questions, obtenez des r\u00e9ponses personnalis\u00e9es.<\/p><\/li><\/ul>\t\t\t\t\t\t\t\t<\/div>\n\t\t\t\t<\/div>\n\t\t\t\t<\/div>\n\t\t<div data-particle_enable=\"false\" data-particle-mobile-disabled=\"false\" class=\"elementor-element elementor-element-338a787 e-con-full e-flex e-con e-child\" data-id=\"338a787\" data-element_type=\"container\" data-e-type=\"container\" data-settings=\"{&quot;_ha_eqh_enable&quot;:false}\">\n\t\t\t\t<div class=\"elementor-element elementor-element-6d81050b elementor-widget elementor-widget-text-editor\" data-id=\"6d81050b\" data-element_type=\"widget\" data-e-type=\"widget\" data-widget_type=\"text-editor.default\">\n\t\t\t\t<div class=\"elementor-widget-container\">\n\t\t\t\t\t\t\t\t\t<p>\u2b50 <strong>Les b\u00e9n\u00e9fices du webinaire<\/strong><\/p>\t\t\t\t\t\t\t\t<\/div>\n\t\t\t\t<\/div>\n\t\t\t\t<div class=\"elementor-element elementor-element-2e477d28 elementor-widget elementor-widget-text-editor\" data-id=\"2e477d28\" data-element_type=\"widget\" data-e-type=\"widget\" data-widget_type=\"text-editor.default\">\n\t\t\t\t<div class=\"elementor-widget-container\">\n\t\t\t\t\t\t\t\t\t<ul><li data-start=\"3939\" data-end=\"3981\"><p data-start=\"3941\" data-end=\"3981\"><strong data-start=\"3941\" data-end=\"3965\">Gagnez en efficacit\u00e9<\/strong> au quotidien.<\/p><\/li><li data-start=\"3982\" data-end=\"4031\"><p data-start=\"3984\" data-end=\"4031\"><strong data-start=\"3984\" data-end=\"4014\">Renforcez votre conformit\u00e9<\/strong> (anti-fraude).<\/p><\/li><li data-start=\"4032\" data-end=\"4088\"><p data-start=\"4034\" data-end=\"4088\"><strong data-start=\"4034\" data-end=\"4057\">\u00c9conomisez du temps<\/strong> gr\u00e2ce \u00e0 une gestion simplifi\u00e9e.<\/p><\/li><li data-start=\"4089\" data-end=\"4148\"><p data-start=\"4091\" data-end=\"4148\"><strong data-start=\"4091\" data-end=\"4126\">Travaillez avec un outil fiable<\/strong>, pens\u00e9 pour les pros.<\/p><\/li><\/ul>\t\t\t\t\t\t\t\t<\/div>\n\t\t\t\t<\/div>\n\t\t\t\t<\/div>\n\t\t<div data-particle_enable=\"false\" data-particle-mobile-disabled=\"false\" class=\"elementor-element elementor-element-28d5b55c e-con-full e-flex e-con e-child\" data-id=\"28d5b55c\" data-element_type=\"container\" data-e-type=\"container\" data-settings=\"{&quot;_ha_eqh_enable&quot;:false}\">\n\t\t\t\t<div class=\"elementor-element elementor-element-6ee4bb10 elementor-widget elementor-widget-text-editor\" data-id=\"6ee4bb10\" data-element_type=\"widget\" data-e-type=\"widget\" data-widget_type=\"text-editor.default\">\n\t\t\t\t<div class=\"elementor-widget-container\">\n\t\t\t\t\t\t\t\t\t<p>\ud83c\udfaf <strong>Pourquoi participer ?<\/strong><\/p>\t\t\t\t\t\t\t\t<\/div>\n\t\t\t\t<\/div>\n\t\t\t\t<div class=\"elementor-element elementor-element-29e33280 elementor-widget elementor-widget-text-editor\" data-id=\"29e33280\" data-element_type=\"widget\" data-e-type=\"widget\" data-widget_type=\"text-editor.default\">\n\t\t\t\t<div class=\"elementor-widget-container\">\n\t\t\t\t\t\t\t\t\t<ul><li data-start=\"4183\" data-end=\"4237\"><p data-start=\"4185\" data-end=\"4237\">Comprendre comment \u00d5ZGest structure votre gestion.<\/p><\/li><li data-start=\"4238\" data-end=\"4296\"><p data-start=\"4240\" data-end=\"4296\">D\u00e9couvrir une solution <strong data-start=\"4263\" data-end=\"4293\">simple, claire et conforme<\/strong>.<\/p><\/li><li data-start=\"4297\" data-end=\"4349\"><p data-start=\"4299\" data-end=\"4349\">B\u00e9n\u00e9ficier des conseils d\u2019un <strong data-start=\"4328\" data-end=\"4346\">expert reconnu<\/strong>.<\/p><\/li><li data-start=\"4350\" data-end=\"4391\"><p data-start=\"4352\" data-end=\"4391\">\u00c9changer en direct avec un sp\u00e9cialiste.<\/p><\/li><\/ul>\t\t\t\t\t\t\t\t<\/div>\n\t\t\t\t<\/div>\n\t\t\t\t<\/div>\n\t\t\t\t\t<\/div>\n\t\t\t\t<\/div>\n\t\t<div data-particle_enable=\"false\" data-particle-mobile-disabled=\"false\" class=\"elementor-element elementor-element-ec2f389 e-flex e-con-boxed e-con e-parent\" data-id=\"ec2f389\" data-element_type=\"container\" data-e-type=\"container\" data-settings=\"{&quot;_ha_eqh_enable&quot;:false}\">\n\t\t\t\t\t<div class=\"e-con-inner\">\n\t\t<div data-particle_enable=\"false\" data-particle-mobile-disabled=\"false\" class=\"elementor-element elementor-element-c463246 e-con-full e-flex e-con e-child\" data-id=\"c463246\" data-element_type=\"container\" data-e-type=\"container\" data-settings=\"{&quot;_ha_eqh_enable&quot;:false}\">\n\t\t\t\t<div class=\"elementor-element elementor-element-3861d0f5 elementor-widget elementor-widget-spacer\" data-id=\"3861d0f5\" data-element_type=\"widget\" data-e-type=\"widget\" data-widget_type=\"spacer.default\">\n\t\t\t\t<div class=\"elementor-widget-container\">\n\t\t\t\t\t\t\t<div class=\"elementor-spacer\">\n\t\t\t<div class=\"elementor-spacer-inner\"><\/div>\n\t\t<\/div>\n\t\t\t\t\t\t<\/div>\n\t\t\t\t<\/div>\n\t\t\t\t<div class=\"elementor-element elementor-element-4abb054e elementor-widget elementor-widget-image\" data-id=\"4abb054e\" data-element_type=\"widget\" data-e-type=\"widget\" data-widget_type=\"image.default\">\n\t\t\t\t<div class=\"elementor-widget-container\">\n\t\t\t\t\t\t\t\t\t\t\t\t\t\t\t<img fetchpriority=\"high\" decoding=\"async\" width=\"227\" height=\"227\" src=\"https:\/\/www.eole-concept.fr\/wp-content\/uploads\/2022\/05\/Laurent_rond.png\" class=\"attachment-medium size-medium wp-image-1469\" alt=\"Laurent Parera\" srcset=\"https:\/\/www.eole-concept.fr\/wp-content\/uploads\/2022\/05\/Laurent_rond.png 227w, https:\/\/www.eole-concept.fr\/wp-content\/uploads\/2022\/05\/Laurent_rond-150x150.png 150w\" sizes=\"(max-width: 227px) 100vw, 227px\" \/>\t\t\t\t\t\t\t\t\t\t\t\t\t\t\t<\/div>\n\t\t\t\t<\/div>\n\t\t\t\t<div class=\"elementor-element elementor-element-1503dc8a elementor-widget elementor-widget-heading\" data-id=\"1503dc8a\" data-element_type=\"widget\" data-e-type=\"widget\" data-widget_type=\"heading.default\">\n\t\t\t\t<div class=\"elementor-widget-container\">\n\t\t\t\t\t<h2 class=\"elementor-heading-title elementor-size-default\">LAURENT PARERA<\/h2>\t\t\t\t<\/div>\n\t\t\t\t<\/div>\n\t\t\t\t<div class=\"elementor-element elementor-element-467a6dcc elementor-widget elementor-widget-text-editor\" data-id=\"467a6dcc\" data-element_type=\"widget\" data-e-type=\"widget\" data-widget_type=\"text-editor.default\">\n\t\t\t\t<div class=\"elementor-widget-container\">\n\t\t\t\t\t\t\t\t\t<p><strong>Directeur et fondateur d&rsquo;E\u00f5le Concept<\/strong><\/p><p>Expert en logiciels de gestion\u200b<\/p><p>20 ans d\u2019exp\u00e9rience aupr\u00e8s des TPE\/PME\u00a0pour simplifier <br \/>leur gestion au quotidien.<\/p>\t\t\t\t\t\t\t\t<\/div>\n\t\t\t\t<\/div>\n\t\t\t\t<\/div>\n\t\t<div data-particle_enable=\"false\" data-particle-mobile-disabled=\"false\" class=\"elementor-element elementor-element-12356883 e-con-full e-flex e-con e-child\" data-id=\"12356883\" data-element_type=\"container\" data-e-type=\"container\" data-settings=\"{&quot;_ha_eqh_enable&quot;:false}\">\n\t\t\t\t<div class=\"elementor-element elementor-element-b3a6071 elementor-widget elementor-widget-spacer\" data-id=\"b3a6071\" data-element_type=\"widget\" data-e-type=\"widget\" data-widget_type=\"spacer.default\">\n\t\t\t\t<div class=\"elementor-widget-container\">\n\t\t\t\t\t\t\t<div class=\"elementor-spacer\">\n\t\t\t<div class=\"elementor-spacer-inner\"><\/div>\n\t\t<\/div>\n\t\t\t\t\t\t<\/div>\n\t\t\t\t<\/div>\n\t\t\t\t<div class=\"elementor-element elementor-element-283d6c7d elementor-widget elementor-widget-text-editor\" data-id=\"283d6c7d\" data-element_type=\"widget\" data-e-type=\"widget\" data-widget_type=\"text-editor.default\">\n\t\t\t\t<div class=\"elementor-widget-container\">\n\t\t\t\t\t\t\t\t\t<p><span style=\"color: #226499;\"><strong>Informations pratiques<\/strong><\/span><\/p>\t\t\t\t\t\t\t\t<\/div>\n\t\t\t\t<\/div>\n\t\t\t\t<div class=\"elementor-element elementor-element-3669d52a elementor-widget elementor-widget-text-editor\" data-id=\"3669d52a\" data-element_type=\"widget\" data-e-type=\"widget\" data-widget_type=\"text-editor.default\">\n\t\t\t\t<div class=\"elementor-widget-container\">\n\t\t\t\t\t\t\t\t\t<ul><li data-start=\"2248\" data-end=\"2273\"><p data-start=\"2250\" data-end=\"2273\">\ud83d\udcc5 <strong>Date :<\/strong> 30 mars<\/p><\/li><li data-start=\"2276\" data-end=\"2329\"><p data-start=\"2278\" data-end=\"2329\">\ud83d\udd5a <strong>Heure :<\/strong> 11 h (R\u00e9union) \/ 9 h (France hexagonale)<\/p><\/li><li data-start=\"2332\" data-end=\"2361\"><p data-start=\"2334\" data-end=\"2361\">\u23f3 <strong>Dur\u00e9e :<\/strong> 45 minutes<\/p><\/li><li data-start=\"2332\" data-end=\"2361\"><p data-start=\"2334\" data-end=\"2361\">\ud83d\udce2\u00a0<strong>Intervenant :<\/strong> Laurent PARERA<\/p><\/li><li data-start=\"2364\" data-end=\"2399\"><p data-start=\"2366\" data-end=\"2399\">\ud83d\udcbb <strong>Format :<\/strong> en ligne (via Zoom)<\/p><\/li><li data-start=\"2402\" data-end=\"2464\"><p data-start=\"2404\" data-end=\"2464\">\ud83c\udfab <strong>Inscription :<\/strong> 100 % gratuite, sur la page d\u2019inscription<\/p><\/li><\/ul>\t\t\t\t\t\t\t\t<\/div>\n\t\t\t\t<\/div>\n\t\t\t\t<div class=\"elementor-element elementor-element-2fa4e71c elementor-widget elementor-widget-text-editor\" data-id=\"2fa4e71c\" data-element_type=\"widget\" data-e-type=\"widget\" data-widget_type=\"text-editor.default\">\n\t\t\t\t<div class=\"elementor-widget-container\">\n\t\t\t\t\t\t\t\t\t<p><span style=\"color: #226499;\"><strong><span class=\"BxUVEf ILfuVd\" lang=\"fr\"><span class=\"hgKElc pOOWX\">\u00c7a vous int\u00e9resse ?<\/span><\/span><\/strong><\/span><\/p><p>\ud83d\ude80 Inscrivez-vous d\u00e8s maintenant, c\u2019est gratuit !<\/p>\t\t\t\t\t\t\t\t<\/div>\n\t\t\t\t<\/div>\n\t\t\t\t<div class=\"elementor-element elementor-element-6b51e536 elementor-align-left elementor-mobile-align-center elementor-widget elementor-widget-button\" data-id=\"6b51e536\" data-element_type=\"widget\" data-e-type=\"widget\" data-widget_type=\"button.default\">\n\t\t\t\t<div class=\"elementor-widget-container\">\n\t\t\t\t\t\t\t\t\t<div class=\"elementor-button-wrapper\">\n\t\t\t\t\t<a class=\"elementor-button elementor-button-link elementor-size-sm\" href=\"https:\/\/us06web.zoom.us\/meeting\/register\/ncca922OTe-XE8OFngJl7w\">\n\t\t\t\t\t\t<span class=\"elementor-button-content-wrapper\">\n\t\t\t\t\t\t\t\t\t<span class=\"elementor-button-text\">Je participe !<\/span>\n\t\t\t\t\t<\/span>\n\t\t\t\t\t<\/a>\n\t\t\t\t<\/div>\n\t\t\t\t\t\t\t\t<\/div>\n\t\t\t\t<\/div>\n\t\t\t\t<div class=\"elementor-element elementor-element-b3522b8 elementor-widget elementor-widget-spacer\" data-id=\"b3522b8\" data-element_type=\"widget\" data-e-type=\"widget\" data-widget_type=\"spacer.default\">\n\t\t\t\t<div class=\"elementor-widget-container\">\n\t\t\t\t\t\t\t<div class=\"elementor-spacer\">\n\t\t\t<div class=\"elementor-spacer-inner\"><\/div>\n\t\t<\/div>\n\t\t\t\t\t\t<\/div>\n\t\t\t\t<\/div>\n\t\t\t\t<\/div>\n\t\t\t\t\t<\/div>\n\t\t\t\t<\/div>\n\t\t\t\t<\/div>\n\t\t","protected":false},"excerpt":{"rendered":"<p>Webinaire gratuit Boostez votre gestion commerciale avec \u00d5ZGest ! D\u00e9couvrez comment simplifier vos devis, factures, relances et paiements\u00a0 et reprendre le contr\u00f4le sur votre gestion commerciale. Je participe ! \ud83d\udcc5\u00a0 30 mars &#8211; 11 h (RUN) \/ 9 h (FR) \u00a0 \u00a0\u2022\u00a0 \u00a0 \u00a0\ud83d\udcbb\u00a0 En ligne\u00a0 \u00a0 \u00a0\u2022\u00a0 \u00a0 \ud83d\udd35 \u00a0Participation 100% gratuite \u00a0 \u00a0\u2022\u00a0 [&hellip;]<\/p>\n","protected":false},"author":3,"featured_media":2564,"parent":0,"menu_order":6,"comment_status":"closed","ping_status":"closed","template":"","meta":{"_eb_attr":"","footnotes":""},"folder":[55],"class_list":["post-5953","page","type-page","status-publish","has-post-thumbnail","hentry"],"_links":{"self":[{"href":"https:\/\/www.eole-concept.fr\/index.php\/wp-json\/wp\/v2\/pages\/5953","targetHints":{"allow":["GET"]}}],"collection":[{"href":"https:\/\/www.eole-concept.fr\/index.php\/wp-json\/wp\/v2\/pages"}],"about":[{"href":"https:\/\/www.eole-concept.fr\/index.php\/wp-json\/wp\/v2\/types\/page"}],"author":[{"embeddable":true,"href":"https:\/\/www.eole-concept.fr\/index.php\/wp-json\/wp\/v2\/users\/3"}],"replies":[{"embeddable":true,"href":"https:\/\/www.eole-concept.fr\/index.php\/wp-json\/wp\/v2\/comments?post=5953"}],"version-history":[{"count":26,"href":"https:\/\/www.eole-concept.fr\/index.php\/wp-json\/wp\/v2\/pages\/5953\/revisions"}],"predecessor-version":[{"id":6031,"href":"https:\/\/www.eole-concept.fr\/index.php\/wp-json\/wp\/v2\/pages\/5953\/revisions\/6031"}],"wp:featuredmedia":[{"embeddable":true,"href":"https:\/\/www.eole-concept.fr\/index.php\/wp-json\/wp\/v2\/media\/2564"}],"wp:attachment":[{"href":"https:\/\/www.eole-concept.fr\/index.php\/wp-json\/wp\/v2\/media?parent=5953"}],"wp:term":[{"taxonomy":"folder","embeddable":true,"href":"https:\/\/www.eole-concept.fr\/index.php\/wp-json\/wp\/v2\/folder?post=5953"}],"curies":[{"name":"wp","href":"https:\/\/api.w.org\/{rel}","templated":true}]}}