{"id":2771,"date":"2024-07-08T19:20:53","date_gmt":"2024-07-08T17:20:53","guid":{"rendered":"https:\/\/www.eole-concept.fr\/?page_id=2771"},"modified":"2025-11-24T07:01:10","modified_gmt":"2025-11-24T06:01:10","slug":"mentions-legales","status":"publish","type":"page","link":"https:\/\/www.eole-concept.fr\/index.php\/mentions-legales\/","title":{"rendered":"Mentions l\u00e9gales"},"content":{"rendered":"\t\t<div data-elementor-type=\"wp-page\" data-elementor-id=\"2771\" class=\"elementor elementor-2771\" data-elementor-post-type=\"page\">\n\t\t\t\t<div data-particle_enable=\"false\" data-particle-mobile-disabled=\"false\" class=\"elementor-element elementor-element-7019e30c e-flex e-con-boxed e-con e-parent\" data-id=\"7019e30c\" data-element_type=\"container\" data-e-type=\"container\" data-settings=\"{&quot;background_background&quot;:&quot;gradient&quot;,&quot;shape_divider_bottom&quot;:&quot;waves&quot;,&quot;_ha_eqh_enable&quot;:false}\">\n\t\t\t\t\t<div class=\"e-con-inner\">\n\t\t\t\t<div class=\"elementor-shape elementor-shape-bottom\" aria-hidden=\"true\" data-negative=\"false\">\n\t\t\t<svg xmlns=\"http:\/\/www.w3.org\/2000\/svg\" viewBox=\"0 0 1000 100\" preserveAspectRatio=\"none\">\n\t<path class=\"elementor-shape-fill\" d=\"M421.9,6.5c22.6-2.5,51.5,0.4,75.5,5.3c23.6,4.9,70.9,23.5,100.5,35.7c75.8,32.2,133.7,44.5,192.6,49.7\n\tc23.6,2.1,48.7,3.5,103.4-2.5c54.7-6,106.2-25.6,106.2-25.6V0H0v30.3c0,0,72,32.6,158.4,30.5c39.2-0.7,92.8-6.7,134-22.4\n\tc21.2-8.1,52.2-18.2,79.7-24.2C399.3,7.9,411.6,7.5,421.9,6.5z\"\/>\n<\/svg>\t\t<\/div>\n\t\t<div data-particle_enable=\"false\" data-particle-mobile-disabled=\"false\" class=\"elementor-element elementor-element-fedc5af e-con-full e-flex e-con e-child\" data-id=\"fedc5af\" data-element_type=\"container\" data-e-type=\"container\" data-settings=\"{&quot;_ha_eqh_enable&quot;:false}\">\n\t\t\t\t<div class=\"elementor-element elementor-element-2e67ad5d elementor-absolute elementor-widget elementor-widget-heading\" data-id=\"2e67ad5d\" data-element_type=\"widget\" data-e-type=\"widget\" data-settings=\"{&quot;_position&quot;:&quot;absolute&quot;}\" data-widget_type=\"heading.default\">\n\t\t\t\t<div class=\"elementor-widget-container\">\n\t\t\t\t\t<h1 class=\"elementor-heading-title elementor-size-default\">Mentions l\u00e9gales<\/h1>\t\t\t\t<\/div>\n\t\t\t\t<\/div>\n\t\t\t\t<\/div>\n\t\t\t\t\t<\/div>\n\t\t\t\t<\/div>\n\t\t<div data-particle_enable=\"false\" data-particle-mobile-disabled=\"false\" class=\"elementor-element elementor-element-c685801 e-flex e-con-boxed e-con e-parent\" data-id=\"c685801\" data-element_type=\"container\" data-e-type=\"container\" data-settings=\"{&quot;_ha_eqh_enable&quot;:false}\">\n\t\t\t\t\t<div class=\"e-con-inner\">\n\t\t\t\t<div class=\"elementor-element elementor-element-44577d4 elementor-widget elementor-widget-text-editor\" data-id=\"44577d4\" data-element_type=\"widget\" data-e-type=\"widget\" data-widget_type=\"text-editor.default\">\n\t\t\t\t<div class=\"elementor-widget-container\">\n\t\t\t\t\t\t\t\t\t<p><strong>Derni\u00e8re mise \u00e0 jour au 12\/07\/2024<\/strong><\/p>\t\t\t\t\t\t\t\t<\/div>\n\t\t\t\t<\/div>\n\t\t\t\t\t<\/div>\n\t\t\t\t<\/div>\n\t\t<div data-particle_enable=\"false\" data-particle-mobile-disabled=\"false\" class=\"elementor-element elementor-element-f485cf5 e-flex e-con-boxed e-con e-parent\" data-id=\"f485cf5\" data-element_type=\"container\" data-e-type=\"container\" data-settings=\"{&quot;_ha_eqh_enable&quot;:false}\">\n\t\t\t\t\t<div class=\"e-con-inner\">\n\t\t\t\t<div class=\"elementor-element elementor-element-0c20e0c elementor-widget elementor-widget-text-editor\" data-id=\"0c20e0c\" data-element_type=\"widget\" data-e-type=\"widget\" data-widget_type=\"text-editor.default\">\n\t\t\t\t<div class=\"elementor-widget-container\">\n\t\t\t\t\t\t\t\t\t<p>Conform\u00e9ment aux dispositions des Articles 6-III et 19 de la Loi n\u00b02004-575 du 21 juin 2004 pour la Confiance dans l&rsquo;\u00e9conomie num\u00e9rique, dite L.C.E.N., il est port\u00e9 \u00e0 la connaissance des utilisateurs et visiteurs des solutions (Site web, application mobile, application tablette, et autres services propos\u00e9s) de la soci\u00e9t\u00e9 EOLE CONCEPT SAS les pr\u00e9sentes mentions l\u00e9gales. <br \/>L\u2019acc\u00e8s et l\u2019utilisation des solutions de la soci\u00e9t\u00e9 EOLE CONCEPT SAS sont soumises aux pr\u00e9sentes \u00ab Mentions l\u00e9gales \u00bb d\u00e9taill\u00e9es ci-apr\u00e8s ainsi qu\u2019aux lois et r\u00e8glement applicables. <br \/>La connexion, utilisation et acc\u00e8s \u00e0 ces solutions impliquent l\u2019acceptation int\u00e9grale et sans r\u00e9serve de l\u2019utilisateur de toutes les dispositions des pr\u00e9sentes Mentions l\u00e9gales.<\/p>\t\t\t\t\t\t\t\t<\/div>\n\t\t\t\t<\/div>\n\t\t\t\t\t<\/div>\n\t\t\t\t<\/div>\n\t\t<div data-particle_enable=\"false\" data-particle-mobile-disabled=\"false\" class=\"elementor-element elementor-element-64f1641 e-flex e-con-boxed e-con e-parent\" data-id=\"64f1641\" data-element_type=\"container\" data-e-type=\"container\" data-settings=\"{&quot;_ha_eqh_enable&quot;:false}\">\n\t\t\t\t\t<div class=\"e-con-inner\">\n\t\t\t\t<div class=\"elementor-element elementor-element-1a7b898 elementor-widget elementor-widget-heading\" data-id=\"1a7b898\" data-element_type=\"widget\" data-e-type=\"widget\" data-widget_type=\"heading.default\">\n\t\t\t\t<div class=\"elementor-widget-container\">\n\t\t\t\t\t<h2 class=\"elementor-heading-title elementor-size-default\">Article 1 : Informations l\u00e9gales<\/h2>\t\t\t\t<\/div>\n\t\t\t\t<\/div>\n\t\t\t\t\t<\/div>\n\t\t\t\t<\/div>\n\t\t<div data-particle_enable=\"false\" data-particle-mobile-disabled=\"false\" class=\"elementor-element elementor-element-2704bf7 e-flex e-con-boxed e-con e-parent\" data-id=\"2704bf7\" data-element_type=\"container\" data-e-type=\"container\" data-settings=\"{&quot;_ha_eqh_enable&quot;:false}\">\n\t\t\t\t\t<div class=\"e-con-inner\">\n\t\t\t\t<div class=\"elementor-element elementor-element-4d307f6 elementor-widget elementor-widget-text-editor\" data-id=\"4d307f6\" data-element_type=\"widget\" data-e-type=\"widget\" data-widget_type=\"text-editor.default\">\n\t\t\t\t<div class=\"elementor-widget-container\">\n\t\t\t\t\t\t\t\t\t<p>En vertu de l&rsquo;Article 6 de la Loi n\u00b0 2004-575 du 21 juin 2004 pour la confiance dans l&rsquo;\u00e9conomie num\u00e9rique, il est pr\u00e9cis\u00e9 dans cet article l&rsquo;identit\u00e9 des diff\u00e9rents intervenants dans le cadre de sa r\u00e9alisation et de son suivi.<\/p><p>Ci-apr\u00e8s \u00ab l\u2019\u00e9diteur \u00bb :<\/p><p>Editeur des diff\u00e9rentes solutions de la soci\u00e9t\u00e9 OZENIE <br \/>Les solutions de la soci\u00e9t\u00e9 EOLE CONCEPT SAS sont \u00e9dit\u00e9s par EOLE CONCEPT \u2013 SAS <br \/>Ayant son si\u00e8ge social \u00e0 l\u2019adresse : 29 Avenue de la Mer, 97 434, Saint-Gilles-Les-Bains (La R\u00e9union) <br \/>Et immatricul\u00e9e au num\u00e9ro SIRET : 514 079 185 00021 <br \/>Et immatricul\u00e9 au num\u00e9ro RCS : 514 079 185 R.C.S. Saint-Denis-de-la-R\u00e9union<br \/>T\u00e9l\u00e9phone : 06 72 66 19 03 <br \/>Adresse email : contact@eole-concept.fr<\/p><p>Ci-apr\u00e8s \u00ab Directeur de publication \u00bb :<\/p><p>Directeur de publication <br \/>Le directeur de publication est : PARERA Laurent <br \/>Adresse email de contact : contact@eole-concept.fr<\/p><p>Ci-apr\u00e8s \u00ab h\u00e9bergeur \u00bb :<\/p><p>H\u00e9bergeur du site <br \/>Les solutions de la soci\u00e9t\u00e9 EOLE CONCEPT SAS sont h\u00e9berg\u00e9s par : FULLSAVE<br \/>Dont le si\u00e8ge est situ\u00e9 \u00e0 l\u2019adresse suivante :<\/p><p>40 rue du village d\u2019Entreprises, 31670, Lab\u00e8ge <br \/>T\u00e9l\u00e9phone : 05 62 24 34 18 <br \/>Email : support@fullsave.com<\/p><p>Ci-apr\u00e8s \u00ab Utilisateurs \u00bb :<\/p><p>Utilisateurs<\/p><p>Sont consid\u00e9r\u00e9s comme utilisateurs tous les internautes qui naviguent, lisent, visionnent et utilisent les solutions propos\u00e9es par la soci\u00e9t\u00e9 EOLE CONCEPT SAS.<\/p>\t\t\t\t\t\t\t\t<\/div>\n\t\t\t\t<\/div>\n\t\t\t\t\t<\/div>\n\t\t\t\t<\/div>\n\t\t<div data-particle_enable=\"false\" data-particle-mobile-disabled=\"false\" class=\"elementor-element elementor-element-fa4f8ea e-flex e-con-boxed e-con e-parent\" data-id=\"fa4f8ea\" data-element_type=\"container\" data-e-type=\"container\" data-settings=\"{&quot;_ha_eqh_enable&quot;:false}\">\n\t\t\t\t\t<div class=\"e-con-inner\">\n\t\t\t\t<div class=\"elementor-element elementor-element-bb2ae62 elementor-widget elementor-widget-heading\" data-id=\"bb2ae62\" data-element_type=\"widget\" data-e-type=\"widget\" data-widget_type=\"heading.default\">\n\t\t\t\t<div class=\"elementor-widget-container\">\n\t\t\t\t\t<h2 class=\"elementor-heading-title elementor-size-default\">Article 2 : Accessibilit\u00e9<\/h2>\t\t\t\t<\/div>\n\t\t\t\t<\/div>\n\t\t\t\t\t<\/div>\n\t\t\t\t<\/div>\n\t\t<div data-particle_enable=\"false\" data-particle-mobile-disabled=\"false\" class=\"elementor-element elementor-element-85b1ae9 e-flex e-con-boxed e-con e-parent\" data-id=\"85b1ae9\" data-element_type=\"container\" data-e-type=\"container\" data-settings=\"{&quot;_ha_eqh_enable&quot;:false}\">\n\t\t\t\t\t<div class=\"e-con-inner\">\n\t\t\t\t<div class=\"elementor-element elementor-element-8ff6779 elementor-widget elementor-widget-text-editor\" data-id=\"8ff6779\" data-element_type=\"widget\" data-e-type=\"widget\" data-widget_type=\"text-editor.default\">\n\t\t\t\t<div class=\"elementor-widget-container\">\n\t\t\t\t\t\t\t\t\t<p>Les solutions propos\u00e9es par la soci\u00e9t\u00e9 EOLE CONCEPT SAS sont par principe accessibles aux utilisateurs 24\/24h et 7\/7j, sauf interruption, programm\u00e9e ou non, pour les besoins de maintenance ou en cas de force majeure. <br \/>En cas d&rsquo;impossibilit\u00e9 d&rsquo;acc\u00e8s aux solutions propos\u00e9es par la soci\u00e9t\u00e9 EOLE CONCEPT SAS, celui-ci s&rsquo;engage \u00e0 faire son maximum afin d&rsquo;en r\u00e9tablir l&rsquo;acc\u00e8s. La soci\u00e9t\u00e9 EOLE CONCEPT SAS ne saurait \u00eatre tenue pour responsable de tout dommage, quelle qu&rsquo;en soit la nature, r\u00e9sultant de son indisponibilit\u00e9.<\/p>\t\t\t\t\t\t\t\t<\/div>\n\t\t\t\t<\/div>\n\t\t\t\t\t<\/div>\n\t\t\t\t<\/div>\n\t\t<div data-particle_enable=\"false\" data-particle-mobile-disabled=\"false\" class=\"elementor-element elementor-element-4f59195 e-flex e-con-boxed e-con e-parent\" data-id=\"4f59195\" data-element_type=\"container\" data-e-type=\"container\" data-settings=\"{&quot;_ha_eqh_enable&quot;:false}\">\n\t\t\t\t\t<div class=\"e-con-inner\">\n\t\t\t\t<div class=\"elementor-element elementor-element-a1329ae elementor-widget elementor-widget-heading\" data-id=\"a1329ae\" data-element_type=\"widget\" data-e-type=\"widget\" data-widget_type=\"heading.default\">\n\t\t\t\t<div class=\"elementor-widget-container\">\n\t\t\t\t\t<h2 class=\"elementor-heading-title elementor-size-default\">Article 3 :  Loi applicable et juridiction<\/h2>\t\t\t\t<\/div>\n\t\t\t\t<\/div>\n\t\t\t\t\t<\/div>\n\t\t\t\t<\/div>\n\t\t<div data-particle_enable=\"false\" data-particle-mobile-disabled=\"false\" class=\"elementor-element elementor-element-e1c28e9 e-flex e-con-boxed e-con e-parent\" data-id=\"e1c28e9\" data-element_type=\"container\" data-e-type=\"container\" data-settings=\"{&quot;_ha_eqh_enable&quot;:false}\">\n\t\t\t\t\t<div class=\"e-con-inner\">\n\t\t\t\t<div class=\"elementor-element elementor-element-76788d7 elementor-widget elementor-widget-text-editor\" data-id=\"76788d7\" data-element_type=\"widget\" data-e-type=\"widget\" data-widget_type=\"text-editor.default\">\n\t\t\t\t<div class=\"elementor-widget-container\">\n\t\t\t\t\t\t\t\t\t<p>Les pr\u00e9sentes Mentions L\u00e9gales sont r\u00e9gies par la loi fran\u00e7aise. En cas de diff\u00e9rend et \u00e0 d\u00e9faut d&rsquo;accord amiable, le litige sera port\u00e9 devant les tribunaux fran\u00e7ais conform\u00e9ment aux r\u00e8gles de comp\u00e9tence en vigueur.<\/p>\t\t\t\t\t\t\t\t<\/div>\n\t\t\t\t<\/div>\n\t\t\t\t\t<\/div>\n\t\t\t\t<\/div>\n\t\t<div data-particle_enable=\"false\" data-particle-mobile-disabled=\"false\" class=\"elementor-element elementor-element-a912d43 e-flex e-con-boxed e-con e-parent\" data-id=\"a912d43\" data-element_type=\"container\" data-e-type=\"container\" data-settings=\"{&quot;_ha_eqh_enable&quot;:false}\">\n\t\t\t\t\t<div class=\"e-con-inner\">\n\t\t\t\t<div class=\"elementor-element elementor-element-3a859f3 elementor-widget elementor-widget-heading\" data-id=\"3a859f3\" data-element_type=\"widget\" data-e-type=\"widget\" data-widget_type=\"heading.default\">\n\t\t\t\t<div class=\"elementor-widget-container\">\n\t\t\t\t\t<h2 class=\"elementor-heading-title elementor-size-default\">Article 4 : Contact<\/h2>\t\t\t\t<\/div>\n\t\t\t\t<\/div>\n\t\t\t\t\t<\/div>\n\t\t\t\t<\/div>\n\t\t<div data-particle_enable=\"false\" data-particle-mobile-disabled=\"false\" class=\"elementor-element elementor-element-5132125 e-flex e-con-boxed e-con e-parent\" data-id=\"5132125\" data-element_type=\"container\" data-e-type=\"container\" data-settings=\"{&quot;_ha_eqh_enable&quot;:false}\">\n\t\t\t\t\t<div class=\"e-con-inner\">\n\t\t\t\t<div class=\"elementor-element elementor-element-0d4682a elementor-widget elementor-widget-text-editor\" data-id=\"0d4682a\" data-element_type=\"widget\" data-e-type=\"widget\" data-widget_type=\"text-editor.default\">\n\t\t\t\t<div class=\"elementor-widget-container\">\n\t\t\t\t\t\t\t\t\t<p>Pour tout signalement de contenus ou d&rsquo;activit\u00e9s illicites, l&rsquo;Utilisateur peut contacter l&rsquo;\u00c9diteur \u00e0 l&rsquo;adresse suivante : contact@eole-concept.fr , ou par courrier recommand\u00e9 avec accus\u00e9 de r\u00e9ception adress\u00e9 \u00e0 l&rsquo;\u00c9diteur aux coordonn\u00e9es pr\u00e9cis\u00e9es dans les pr\u00e9sentes mentions l\u00e9gales.<br \/>EOLE CONCEPT SAS vous souhaite une excellente navigation !<\/p>\t\t\t\t\t\t\t\t<\/div>\n\t\t\t\t<\/div>\n\t\t\t\t\t<\/div>\n\t\t\t\t<\/div>\n\t\t\t\t<\/div>\n\t\t","protected":false},"excerpt":{"rendered":"<p>Mentions l\u00e9gales Derni\u00e8re mise \u00e0 jour au 12\/07\/2024 Conform\u00e9ment aux dispositions des Articles 6-III et 19 de la Loi n\u00b02004-575 du 21 juin 2004 pour la Confiance dans l&rsquo;\u00e9conomie num\u00e9rique, dite L.C.E.N., il est port\u00e9 \u00e0 la connaissance des utilisateurs et visiteurs des solutions (Site web, application mobile, application tablette, et autres services propos\u00e9s) de [&hellip;]<\/p>\n","protected":false},"author":1,"featured_media":2564,"parent":0,"menu_order":20,"comment_status":"closed","ping_status":"closed","template":"elementor_header_footer","meta":{"_eb_attr":"","footnotes":""},"folder":[41],"class_list":["post-2771","page","type-page","status-publish","has-post-thumbnail","hentry"],"_links":{"self":[{"href":"https:\/\/www.eole-concept.fr\/index.php\/wp-json\/wp\/v2\/pages\/2771","targetHints":{"allow":["GET"]}}],"collection":[{"href":"https:\/\/www.eole-concept.fr\/index.php\/wp-json\/wp\/v2\/pages"}],"about":[{"href":"https:\/\/www.eole-concept.fr\/index.php\/wp-json\/wp\/v2\/types\/page"}],"author":[{"embeddable":true,"href":"https:\/\/www.eole-concept.fr\/index.php\/wp-json\/wp\/v2\/users\/1"}],"replies":[{"embeddable":true,"href":"https:\/\/www.eole-concept.fr\/index.php\/wp-json\/wp\/v2\/comments?post=2771"}],"version-history":[{"count":19,"href":"https:\/\/www.eole-concept.fr\/index.php\/wp-json\/wp\/v2\/pages\/2771\/revisions"}],"predecessor-version":[{"id":5949,"href":"https:\/\/www.eole-concept.fr\/index.php\/wp-json\/wp\/v2\/pages\/2771\/revisions\/5949"}],"wp:featuredmedia":[{"embeddable":true,"href":"https:\/\/www.eole-concept.fr\/index.php\/wp-json\/wp\/v2\/media\/2564"}],"wp:attachment":[{"href":"https:\/\/www.eole-concept.fr\/index.php\/wp-json\/wp\/v2\/media?parent=2771"}],"wp:term":[{"taxonomy":"folder","embeddable":true,"href":"https:\/\/www.eole-concept.fr\/index.php\/wp-json\/wp\/v2\/folder?post=2771"}],"curies":[{"name":"wp","href":"https:\/\/api.w.org\/{rel}","templated":true}]}}