{"id":2727,"date":"2024-07-08T19:20:52","date_gmt":"2024-07-08T17:20:52","guid":{"rendered":"https:\/\/www.eole-concept.fr\/?page_id=2727"},"modified":"2025-10-27T15:02:23","modified_gmt":"2025-10-27T14:02:23","slug":"nos-partenaires-3","status":"publish","type":"page","link":"https:\/\/www.eole-concept.fr\/index.php\/nos-partenaires-3\/","title":{"rendered":"Nos partenaires"},"content":{"rendered":"\t\t<div data-elementor-type=\"wp-page\" data-elementor-id=\"2727\" class=\"elementor elementor-2727\" data-elementor-post-type=\"page\">\n\t\t\t\t<div data-particle_enable=\"false\" data-particle-mobile-disabled=\"false\" class=\"elementor-element elementor-element-c334afe e-flex e-con-boxed e-con e-parent\" data-id=\"c334afe\" data-element_type=\"container\" data-e-type=\"container\" data-settings=\"{&quot;_ha_eqh_enable&quot;:false}\">\n\t\t\t\t\t<div class=\"e-con-inner\">\n\t\t\t\t<div class=\"elementor-element elementor-element-8b3e1b0 elementor-widget elementor-widget-heading\" data-id=\"8b3e1b0\" data-element_type=\"widget\" data-e-type=\"widget\" data-widget_type=\"heading.default\">\n\t\t\t\t<div class=\"elementor-widget-container\">\n\t\t\t\t\t<h2 class=\"elementor-heading-title elementor-size-default\">Collaborateurs Strat\u00e9giques et Alliances Commerciales<\/h2>\t\t\t\t<\/div>\n\t\t\t\t<\/div>\n\t\t\t\t<div class=\"elementor-element elementor-element-67bfdf1 elementor-widget elementor-widget-spacer\" data-id=\"67bfdf1\" data-element_type=\"widget\" data-e-type=\"widget\" data-widget_type=\"spacer.default\">\n\t\t\t\t<div class=\"elementor-widget-container\">\n\t\t\t\t\t\t\t<div class=\"elementor-spacer\">\n\t\t\t<div class=\"elementor-spacer-inner\"><\/div>\n\t\t<\/div>\n\t\t\t\t\t\t<\/div>\n\t\t\t\t<\/div>\n\t\t\t\t\t<\/div>\n\t\t\t\t<\/div>\n\t\t<div data-particle_enable=\"false\" data-particle-mobile-disabled=\"false\" class=\"elementor-element elementor-element-ef285eb e-grid e-con-boxed e-con e-parent\" data-id=\"ef285eb\" data-element_type=\"container\" data-e-type=\"container\" data-settings=\"{&quot;_ha_eqh_enable&quot;:false}\">\n\t\t\t\t\t<div class=\"e-con-inner\">\n\t\t<div data-particle_enable=\"false\" data-particle-mobile-disabled=\"false\" class=\"elementor-element elementor-element-9301da6 e-con-full e-flex e-con e-child\" data-id=\"9301da6\" data-element_type=\"container\" data-e-type=\"container\" data-settings=\"{&quot;_ha_eqh_enable&quot;:false}\">\n\t\t\t\t<div class=\"elementor-element elementor-element-f06c3de elementor-widget elementor-widget-image\" data-id=\"f06c3de\" data-element_type=\"widget\" data-e-type=\"widget\" data-widget_type=\"image.default\">\n\t\t\t\t<div class=\"elementor-widget-container\">\n\t\t\t\t\t\t\t\t\t\t\t\t\t\t\t\t<a href=\"https:\/\/www.securisauve.com\/\" target=\"_blank\" rel=\"nofollow\">\n\t\t\t\t\t\t\t<img decoding=\"async\" width=\"180\" height=\"121\" src=\"https:\/\/www.eole-concept.fr\/wp-content\/uploads\/2022\/03\/logo-securisauve-removebg-preview-1.png\" class=\"attachment-full size-full wp-image-1142\" alt=\"SECURISAUVE\" \/>\t\t\t\t\t\t\t\t<\/a>\n\t\t\t\t\t\t\t\t\t\t\t\t\t\t\t<\/div>\n\t\t\t\t<\/div>\n\t\t\t\t<div class=\"elementor-element elementor-element-e11229c elementor-widget elementor-widget-text-editor\" data-id=\"e11229c\" data-element_type=\"widget\" data-e-type=\"widget\" data-widget_type=\"text-editor.default\">\n\t\t\t\t<div class=\"elementor-widget-container\">\n\t\t\t\t\t\t\t\t\t<p><span style=\"text-align: var(--text-align); background-color: var( --e-global-color-b500f0a );\">S\u00e9curisauve propose depuis 2001, des solutions d\u00e9di\u00e9es \u00e0 l&rsquo;organisation, le partage et la s\u00e9curit\u00e9 des donn\u00e9es informatiques.<\/span><\/p><p>Reconnue pour la fiabilit\u00e9 et la simplicit\u00e9 de ses solutions, S\u00e9curisauve mise sur une prestation de service disponible et de qualit\u00e9.<\/p>\t\t\t\t\t\t\t\t<\/div>\n\t\t\t\t<\/div>\n\t\t\t\t<\/div>\n\t\t<div data-particle_enable=\"false\" data-particle-mobile-disabled=\"false\" class=\"elementor-element elementor-element-6496605 e-con-full e-flex e-con e-child\" data-id=\"6496605\" data-element_type=\"container\" data-e-type=\"container\" data-settings=\"{&quot;_ha_eqh_enable&quot;:false}\">\n\t\t\t\t<div class=\"elementor-element elementor-element-212bd98 elementor-widget elementor-widget-image\" data-id=\"212bd98\" data-element_type=\"widget\" data-e-type=\"widget\" data-widget_type=\"image.default\">\n\t\t\t\t<div class=\"elementor-widget-container\">\n\t\t\t\t\t\t\t\t\t\t\t\t\t\t\t\t<a href=\"https:\/\/www.fullsave.com\/\" target=\"_blank\" rel=\"nofollow\">\n\t\t\t\t\t\t\t<img decoding=\"async\" width=\"150\" height=\"150\" src=\"https:\/\/www.eole-concept.fr\/wp-content\/uploads\/2022\/03\/fullsave-removebg-preview-150x150.png\" class=\"attachment-thumbnail size-thumbnail wp-image-1143\" alt=\"FULLSAVE\" srcset=\"https:\/\/www.eole-concept.fr\/wp-content\/uploads\/2022\/03\/fullsave-removebg-preview-150x150.png 150w, https:\/\/www.eole-concept.fr\/wp-content\/uploads\/2022\/03\/fullsave-removebg-preview-e1647261888220.png 200w\" sizes=\"(max-width: 150px) 100vw, 150px\" \/>\t\t\t\t\t\t\t\t<\/a>\n\t\t\t\t\t\t\t\t\t\t\t\t\t\t\t<\/div>\n\t\t\t\t<\/div>\n\t\t\t\t<div class=\"elementor-element elementor-element-c9a27d1 elementor-widget elementor-widget-text-editor\" data-id=\"c9a27d1\" data-element_type=\"widget\" data-e-type=\"widget\" data-widget_type=\"text-editor.default\">\n\t\t\t\t<div class=\"elementor-widget-container\">\n\t\t\t\t\t\t\t\t\t<p>FullSave est un acteur de proximit\u00e9 qui op\u00e8re ses propres infrastructures IT dans son datacenter de nouvelle g\u00e9n\u00e9ration. FullSave propose des prestations sur mesure dans les domaines des t\u00e9l\u00e9coms et de l\u2019h\u00e9bergement informatique<\/p>\t\t\t\t\t\t\t\t<\/div>\n\t\t\t\t<\/div>\n\t\t\t\t<\/div>\n\t\t<div data-particle_enable=\"false\" data-particle-mobile-disabled=\"false\" class=\"elementor-element elementor-element-75d7111 e-con-full e-flex e-con e-child\" data-id=\"75d7111\" data-element_type=\"container\" data-e-type=\"container\" data-settings=\"{&quot;_ha_eqh_enable&quot;:false}\">\n\t\t\t\t<div class=\"elementor-element elementor-element-312c7a1 elementor-widget elementor-widget-image\" data-id=\"312c7a1\" data-element_type=\"widget\" data-e-type=\"widget\" data-widget_type=\"image.default\">\n\t\t\t\t<div class=\"elementor-widget-container\">\n\t\t\t\t\t\t\t\t\t\t\t\t\t\t\t\t<a href=\"https:\/\/www.payzen.eu\/\" target=\"_blank\" rel=\"nofollow\">\n\t\t\t\t\t\t\t<img decoding=\"async\" width=\"200\" height=\"84\" src=\"https:\/\/www.eole-concept.fr\/wp-content\/uploads\/2022\/03\/download-e1647261942789.png\" class=\"attachment-large size-large wp-image-1144\" alt=\"PAYZEN\" \/>\t\t\t\t\t\t\t\t<\/a>\n\t\t\t\t\t\t\t\t\t\t\t\t\t\t\t<\/div>\n\t\t\t\t<\/div>\n\t\t\t\t<div class=\"elementor-element elementor-element-06d3c68 elementor-widget elementor-widget-text-editor\" data-id=\"06d3c68\" data-element_type=\"widget\" data-e-type=\"widget\" data-widget_type=\"text-editor.default\">\n\t\t\t\t<div class=\"elementor-widget-container\">\n\t\t\t\t\t\t\t\t\t<p>PayZen est une plateforme de paiement connectable \u00e0 un site e-commerce mais aussi utilis\u00e9e manuellement ou pour un site vitrine, avec plus de 40 modules de paiement support\u00e9s.<\/p>\t\t\t\t\t\t\t\t<\/div>\n\t\t\t\t<\/div>\n\t\t\t\t<\/div>\n\t\t<div data-particle_enable=\"false\" data-particle-mobile-disabled=\"false\" class=\"elementor-element elementor-element-25dc542 e-con-full e-flex e-con e-child\" data-id=\"25dc542\" data-element_type=\"container\" data-e-type=\"container\" data-settings=\"{&quot;_ha_eqh_enable&quot;:false}\">\n\t\t\t\t<div class=\"elementor-element elementor-element-2ece9c8 elementor-widget elementor-widget-image\" data-id=\"2ece9c8\" data-element_type=\"widget\" data-e-type=\"widget\" data-widget_type=\"image.default\">\n\t\t\t\t<div class=\"elementor-widget-container\">\n\t\t\t\t\t\t\t\t\t\t\t\t\t\t\t\t<a href=\"https:\/\/www.experts-fnaim.org\/\" target=\"_blank\" rel=\"nofollow\">\n\t\t\t\t\t\t\t<img loading=\"lazy\" decoding=\"async\" width=\"200\" height=\"105\" src=\"https:\/\/www.eole-concept.fr\/wp-content\/uploads\/2022\/03\/CEIF-FNAIM-1-e1647262051983.png\" class=\"attachment-large size-large wp-image-1146\" alt=\"CEIF-FNAIM\" \/>\t\t\t\t\t\t\t\t<\/a>\n\t\t\t\t\t\t\t\t\t\t\t\t\t\t\t<\/div>\n\t\t\t\t<\/div>\n\t\t\t\t<div class=\"elementor-element elementor-element-f2aaebf elementor-widget elementor-widget-text-editor\" data-id=\"f2aaebf\" data-element_type=\"widget\" data-e-type=\"widget\" data-widget_type=\"text-editor.default\">\n\t\t\t\t<div class=\"elementor-widget-container\">\n\t\t\t\t\t\t\t\t\t<p>La Chambre des Experts Immobiliers de France (CEIF \u2013 FNAIM) a sign\u00e9 le lundi 23 septembre 2019 un partenariat avec Eole Concept pour un logiciel de gestion des expertises immobili\u00e8re \u00e0 leur image.<\/p>\t\t\t\t\t\t\t\t<\/div>\n\t\t\t\t<\/div>\n\t\t\t\t<\/div>\n\t\t<div data-particle_enable=\"false\" data-particle-mobile-disabled=\"false\" class=\"elementor-element elementor-element-0ddb421 e-con-full e-flex e-con e-child\" data-id=\"0ddb421\" data-element_type=\"container\" data-e-type=\"container\" data-settings=\"{&quot;_ha_eqh_enable&quot;:false}\">\n\t\t\t\t<div class=\"elementor-element elementor-element-c3fee9e elementor-widget elementor-widget-image\" data-id=\"c3fee9e\" data-element_type=\"widget\" data-e-type=\"widget\" data-widget_type=\"image.default\">\n\t\t\t\t<div class=\"elementor-widget-container\">\n\t\t\t\t\t\t\t\t\t\t\t\t\t\t\t\t<a href=\"http:\/\/eefic.eu\/accueil.html\" target=\"_blank\" rel=\"nofollow\">\n\t\t\t\t\t\t\t<img loading=\"lazy\" decoding=\"async\" width=\"200\" height=\"200\" src=\"https:\/\/www.eole-concept.fr\/wp-content\/uploads\/2022\/03\/download-e1647262132657.jpg\" class=\"attachment-large size-large wp-image-1148\" alt=\"E.E.F.I.C\" \/>\t\t\t\t\t\t\t\t<\/a>\n\t\t\t\t\t\t\t\t\t\t\t\t\t\t\t<\/div>\n\t\t\t\t<\/div>\n\t\t\t\t<div class=\"elementor-element elementor-element-79d3356 elementor-widget elementor-widget-text-editor\" data-id=\"79d3356\" data-element_type=\"widget\" data-e-type=\"widget\" data-widget_type=\"text-editor.default\">\n\t\t\t\t<div class=\"elementor-widget-container\">\n\t\t\t\t\t\t\t\t\t<p>Cr\u00e9\u00e9e en 1948, l\u2019EEFIC est la plus ancienne f\u00e9d\u00e9ration d\u2019experts immobiliers.<\/p>\t\t\t\t\t\t\t\t<\/div>\n\t\t\t\t<\/div>\n\t\t\t\t<\/div>\n\t\t<div data-particle_enable=\"false\" data-particle-mobile-disabled=\"false\" class=\"elementor-element elementor-element-7724513 e-con-full e-flex e-con e-child\" data-id=\"7724513\" data-element_type=\"container\" data-e-type=\"container\" data-settings=\"{&quot;_ha_eqh_enable&quot;:false}\">\n\t\t\t\t<div class=\"elementor-element elementor-element-a9facea elementor-widget elementor-widget-image\" data-id=\"a9facea\" data-element_type=\"widget\" data-e-type=\"widget\" data-widget_type=\"image.default\">\n\t\t\t\t<div class=\"elementor-widget-container\">\n\t\t\t\t\t\t\t\t\t\t\t\t\t\t\t\t<a href=\"https:\/\/www.seyes.re\/\" target=\"_blank\" rel=\"nofollow\">\n\t\t\t\t\t\t\t<img loading=\"lazy\" decoding=\"async\" width=\"211\" height=\"144\" src=\"https:\/\/www.eole-concept.fr\/wp-content\/uploads\/2022\/02\/logo-seyes-header_fond.png\" class=\"attachment-large size-large wp-image-443\" alt=\"logo seyes\" \/>\t\t\t\t\t\t\t\t<\/a>\n\t\t\t\t\t\t\t\t\t\t\t\t\t\t\t<\/div>\n\t\t\t\t<\/div>\n\t\t\t\t<div class=\"elementor-element elementor-element-f20cc05 elementor-widget elementor-widget-text-editor\" data-id=\"f20cc05\" data-element_type=\"widget\" data-e-type=\"widget\" data-widget_type=\"text-editor.default\">\n\t\t\t\t<div class=\"elementor-widget-container\">\n\t\t\t\t\t\t\t\t\t<p>Agence Seyes &#8211; conseil digital &amp; innovation<\/p>\t\t\t\t\t\t\t\t<\/div>\n\t\t\t\t<\/div>\n\t\t\t\t<\/div>\n\t\t<div data-particle_enable=\"false\" data-particle-mobile-disabled=\"false\" class=\"elementor-element elementor-element-5be7174 e-con-full e-flex e-con e-child\" data-id=\"5be7174\" data-element_type=\"container\" data-e-type=\"container\" data-settings=\"{&quot;_ha_eqh_enable&quot;:false}\">\n\t\t\t\t<div class=\"elementor-element elementor-element-1f712d1 elementor-widget elementor-widget-image\" data-id=\"1f712d1\" data-element_type=\"widget\" data-e-type=\"widget\" data-widget_type=\"image.default\">\n\t\t\t\t<div class=\"elementor-widget-container\">\n\t\t\t\t\t\t\t\t\t\t\t\t\t\t\t\t<a href=\"https:\/\/www.youtell.re\/\" target=\"_blank\" rel=\"nofollow\">\n\t\t\t\t\t\t\t<img loading=\"lazy\" decoding=\"async\" width=\"300\" height=\"87\" src=\"https:\/\/www.eole-concept.fr\/wp-content\/uploads\/2025\/10\/Partenaire_YouTell-1-300x87.png\" class=\"attachment-medium size-medium wp-image-5790\" alt=\"\" srcset=\"https:\/\/www.eole-concept.fr\/wp-content\/uploads\/2025\/10\/Partenaire_YouTell-1-300x87.png 300w, https:\/\/www.eole-concept.fr\/wp-content\/uploads\/2025\/10\/Partenaire_YouTell-1-768x222.png 768w, https:\/\/www.eole-concept.fr\/wp-content\/uploads\/2025\/10\/Partenaire_YouTell-1-350x100.png 350w, https:\/\/www.eole-concept.fr\/wp-content\/uploads\/2025\/10\/Partenaire_YouTell-1.png 866w\" sizes=\"(max-width: 300px) 100vw, 300px\" \/>\t\t\t\t\t\t\t\t<\/a>\n\t\t\t\t\t\t\t\t\t\t\t\t\t\t\t<\/div>\n\t\t\t\t<\/div>\n\t\t\t\t<div class=\"elementor-element elementor-element-a6d87dc elementor-widget elementor-widget-text-editor\" data-id=\"a6d87dc\" data-element_type=\"widget\" data-e-type=\"widget\" data-widget_type=\"text-editor.default\">\n\t\t\t\t<div class=\"elementor-widget-container\">\n\t\t\t\t\t\t\t\t\t<p>Infog\u00e9rance, s\u00e9curisation des donn\u00e9es ou h\u00e9bergement, tous les besoins num\u00e9riques d\u2019une PME sous-trait\u00e9s \u00e0 un interlocuteur unique.<\/p><div>\u00a0<\/div>\t\t\t\t\t\t\t\t<\/div>\n\t\t\t\t<\/div>\n\t\t\t\t<\/div>\n\t\t<div data-particle_enable=\"false\" data-particle-mobile-disabled=\"false\" class=\"elementor-element elementor-element-ae903cf e-con-full e-flex e-con e-child\" data-id=\"ae903cf\" data-element_type=\"container\" data-e-type=\"container\" data-settings=\"{&quot;_ha_eqh_enable&quot;:false}\">\n\t\t\t\t<div class=\"elementor-element elementor-element-6acfd7c elementor-widget elementor-widget-image\" data-id=\"6acfd7c\" data-element_type=\"widget\" data-e-type=\"widget\" data-widget_type=\"image.default\">\n\t\t\t\t<div class=\"elementor-widget-container\">\n\t\t\t\t\t\t\t\t\t\t\t\t\t\t\t\t<a href=\"https:\/\/af-ri.fr\/\" target=\"_blank\" rel=\"nofollow\">\n\t\t\t\t\t\t\t<img decoding=\"async\" src=\"https:\/\/www.eole-concept.fr\/wp-content\/uploads\/elementor\/thumbs\/LOGO-pthtnhph1hjmmeq7e8pedpv2jz2qha5vthu2djnsvg.png\" title=\"LOGO afri\" alt=\"LOGO afri\" loading=\"lazy\" \/>\t\t\t\t\t\t\t\t<\/a>\n\t\t\t\t\t\t\t\t\t\t\t\t\t\t\t<\/div>\n\t\t\t\t<\/div>\n\t\t\t\t<div class=\"elementor-element elementor-element-5ec5a93 elementor-widget elementor-widget-text-editor\" data-id=\"5ec5a93\" data-element_type=\"widget\" data-e-type=\"widget\" data-widget_type=\"text-editor.default\">\n\t\t\t\t<div class=\"elementor-widget-container\">\n\t\t\t\t\t\t\t\t\t<p>L\u2019Association Fran\u00e7aise des R\u00e9flexologues Ind\u00e9pendants est un groupement de r\u00e9flexologues certifi\u00e9s d&rsquo;Organisme de formations.<br \/>l\u2019AFRI \u0153uvre pour la promotion et l\u2019organisation \u00e9v\u00e9nementielle de la r\u00e9flexologie combin\u00e9e afin de la faire conna\u00eetre au plus grand nombre.<\/p>\t\t\t\t\t\t\t\t<\/div>\n\t\t\t\t<\/div>\n\t\t\t\t<\/div>\n\t\t<div data-particle_enable=\"false\" data-particle-mobile-disabled=\"false\" class=\"elementor-element elementor-element-f1e0bae e-con-full e-flex e-con e-child\" data-id=\"f1e0bae\" data-element_type=\"container\" data-e-type=\"container\" data-settings=\"{&quot;_ha_eqh_enable&quot;:false}\">\n\t\t\t\t<div class=\"elementor-element elementor-element-9570a7b elementor-widget elementor-widget-image\" data-id=\"9570a7b\" data-element_type=\"widget\" data-e-type=\"widget\" data-widget_type=\"image.default\">\n\t\t\t\t<div class=\"elementor-widget-container\">\n\t\t\t\t\t\t\t\t\t\t\t\t\t\t\t\t<a href=\"https:\/\/syndicat-naturopathie.fr\/\" target=\"_blank\" rel=\"nofollow\">\n\t\t\t\t\t\t\t<img loading=\"lazy\" decoding=\"async\" width=\"800\" height=\"248\" src=\"https:\/\/www.eole-concept.fr\/wp-content\/uploads\/2022\/08\/Logo-SPN-1024x317.jpg\" class=\"attachment-large size-large wp-image-1718\" alt=\"Logo SPN\" srcset=\"https:\/\/www.eole-concept.fr\/wp-content\/uploads\/2022\/08\/Logo-SPN-1024x317.jpg 1024w, https:\/\/www.eole-concept.fr\/wp-content\/uploads\/2022\/08\/Logo-SPN-300x93.jpg 300w, https:\/\/www.eole-concept.fr\/wp-content\/uploads\/2022\/08\/Logo-SPN-768x238.jpg 768w, https:\/\/www.eole-concept.fr\/wp-content\/uploads\/2022\/08\/Logo-SPN.jpg 1240w\" sizes=\"(max-width: 800px) 100vw, 800px\" \/>\t\t\t\t\t\t\t\t<\/a>\n\t\t\t\t\t\t\t\t\t\t\t\t\t\t\t<\/div>\n\t\t\t\t<\/div>\n\t\t\t\t<div class=\"elementor-element elementor-element-a375598 elementor-widget elementor-widget-text-editor\" data-id=\"a375598\" data-element_type=\"widget\" data-e-type=\"widget\" data-widget_type=\"text-editor.default\">\n\t\t\t\t<div class=\"elementor-widget-container\">\n\t\t\t\t\t\t\t\t\t<p>Le Syndicat des Professionnels de la Naturopathie a pour mission de rassembler tous les praticiens ou conseillers en naturopathie.<br \/>Le syndicat a mis l\u2019accent sur le rattachement des \u00e9coles en son sein. Avec un seul cr\u00e9do : faire d\u2019une passion un v\u00e9ritable m\u00e9tier.<\/p>\t\t\t\t\t\t\t\t<\/div>\n\t\t\t\t<\/div>\n\t\t\t\t<\/div>\n\t\t\t\t\t<\/div>\n\t\t\t\t<\/div>\n\t\t\t\t<\/div>\n\t\t","protected":false},"excerpt":{"rendered":"<p>Collaborateurs Strat\u00e9giques et Alliances Commerciales S\u00e9curisauve propose depuis 2001, des solutions d\u00e9di\u00e9es \u00e0 l&rsquo;organisation, le partage et la s\u00e9curit\u00e9 des donn\u00e9es informatiques. Reconnue pour la fiabilit\u00e9 et la simplicit\u00e9 de ses solutions, S\u00e9curisauve mise sur une prestation de service disponible et de qualit\u00e9. FullSave est un acteur de proximit\u00e9 qui op\u00e8re ses propres infrastructures IT [&hellip;]<\/p>\n","protected":false},"author":1,"featured_media":2564,"parent":0,"menu_order":4,"comment_status":"closed","ping_status":"closed","template":"","meta":{"_eb_attr":"","footnotes":""},"folder":[41],"class_list":["post-2727","page","type-page","status-publish","has-post-thumbnail","hentry"],"_links":{"self":[{"href":"https:\/\/www.eole-concept.fr\/index.php\/wp-json\/wp\/v2\/pages\/2727","targetHints":{"allow":["GET"]}}],"collection":[{"href":"https:\/\/www.eole-concept.fr\/index.php\/wp-json\/wp\/v2\/pages"}],"about":[{"href":"https:\/\/www.eole-concept.fr\/index.php\/wp-json\/wp\/v2\/types\/page"}],"author":[{"embeddable":true,"href":"https:\/\/www.eole-concept.fr\/index.php\/wp-json\/wp\/v2\/users\/1"}],"replies":[{"embeddable":true,"href":"https:\/\/www.eole-concept.fr\/index.php\/wp-json\/wp\/v2\/comments?post=2727"}],"version-history":[{"count":91,"href":"https:\/\/www.eole-concept.fr\/index.php\/wp-json\/wp\/v2\/pages\/2727\/revisions"}],"predecessor-version":[{"id":5799,"href":"https:\/\/www.eole-concept.fr\/index.php\/wp-json\/wp\/v2\/pages\/2727\/revisions\/5799"}],"wp:featuredmedia":[{"embeddable":true,"href":"https:\/\/www.eole-concept.fr\/index.php\/wp-json\/wp\/v2\/media\/2564"}],"wp:attachment":[{"href":"https:\/\/www.eole-concept.fr\/index.php\/wp-json\/wp\/v2\/media?parent=2727"}],"wp:term":[{"taxonomy":"folder","embeddable":true,"href":"https:\/\/www.eole-concept.fr\/index.php\/wp-json\/wp\/v2\/folder?post=2727"}],"curies":[{"name":"wp","href":"https:\/\/api.w.org\/{rel}","templated":true}]}}